{"id":296,"date":"2025-04-29T12:23:16","date_gmt":"2025-04-29T12:23:16","guid":{"rendered":"https:\/\/cape-living.ch\/?page_id=296"},"modified":"2025-04-30T12:22:14","modified_gmt":"2025-04-30T12:22:14","slug":"cape-island-produke-kaufen-schweiz","status":"publish","type":"page","link":"https:\/\/cape-living.ch\/index.php\/cape-island-produke-kaufen-schweiz\/","title":{"rendered":"Cape Island Produke kaufen Schweiz"},"content":{"rendered":"<p>[et_pb_section fb_built=&#8220;1&#8243; admin_label=&#8220;Header&#8220; _builder_version=&#8220;4.27.3&#8243; _module_preset=&#8220;default&#8220; use_background_color_gradient=&#8220;on&#8220; background_color_gradient_stops=&#8220;rgba(44,18,0,0.1) 0%|rgba(44,18,0,0.3) 100%&#8220; background_color_gradient_overlays_image=&#8220;on&#8220; background_image=&#8220;https:\/\/cape-living.ch\/wp-content\/uploads\/2025\/04\/Cape-Island-Produkte-Schweiz-kaufen.jpg&#8220; background_position=&#8220;bottom_center&#8220; custom_padding=&#8220;0px||0px||true|false&#8220; animation_style=&#8220;zoom&#8220; animation_intensity_zoom=&#8220;2%&#8220; animation_starting_opacity=&#8220;100%&#8220; background_last_edited=&#8220;on|phone&#8220; da_disable_devices=&#8220;off|off|off&#8220; collapsed=&#8220;on&#8220; global_colors_info=&#8220;{}&#8220; da_is_popup=&#8220;off&#8220; da_exit_intent=&#8220;off&#8220; da_has_close=&#8220;on&#8220; da_alt_close=&#8220;off&#8220; da_dark_close=&#8220;off&#8220; da_not_modal=&#8220;on&#8220; da_is_singular=&#8220;off&#8220; da_with_loader=&#8220;off&#8220; da_has_shadow=&#8220;on&#8220;][et_pb_row column_structure=&#8220;3_4,1_4&#8243; use_custom_gutter=&#8220;on&#8220; gutter_width=&#8220;1&#8243; make_equal=&#8220;on&#8220; _builder_version=&#8220;4.27.3&#8243; _module_preset=&#8220;default&#8220; width=&#8220;100%&#8220; max_width=&#8220;none&#8220; custom_padding=&#8220;191px|10vw|191px|10vw|true|true&#8220; hover_enabled=&#8220;0&#8243; border_color_all=&#8220;rgba(243,239,229,0.3)&#8220; border_width_top=&#8220;1px&#8220; border_width_bottom=&#8220;1px&#8220; global_colors_info=&#8220;{}&#8220; sticky_enabled=&#8220;0&#8243; custom_padding_last_edited=&#8220;on|phone&#8220; custom_padding_phone=&#8220;120px||120px||true|true&#8220; custom_padding_tablet=&#8220;191px|10vw|191px|10vw|true|true&#8220;][et_pb_column type=&#8220;3_4&#8243; _builder_version=&#8220;4.27.3&#8243; _module_preset=&#8220;default&#8220; custom_padding=&#8220;3vw|3vw|3vw|3vw|true|true&#8220; border_color_all=&#8220;RGBA(255,255,255,0)&#8220; border_width_right=&#8220;1px&#8220; border_width_left=&#8220;1px&#8220; global_colors_info=&#8220;{}&#8220;][et_pb_text _builder_version=&#8220;4.27.3&#8243; _module_preset=&#8220;d5375296-5be6-4876-b37b-3835fe4a9d95&#8243; header_font=&#8220;&#8211;et_global_heading_font|||on|||||&#8220; header_text_color=&#8220;#FFFFFF&#8220; header_font_size=&#8220;5vw&#8220; header_line_height=&#8220;1.5em&#8220; width=&#8220;98.2%&#8220; custom_margin=&#8220;||10px|0px|false|false&#8220; hover_enabled=&#8220;0&#8243; header_font_size_phone=&#8220;36px&#8220; locked=&#8220;off&#8220; global_colors_info=&#8220;{}&#8220; header_text_shadow_style=&#8220;preset1&#8243; sticky_enabled=&#8220;0&#8243;]<\/p>\n<h1>CAPE ISLAND<\/h1>\n<p>[\/et_pb_text][et_pb_text _builder_version=&#8220;4.27.3&#8243; _module_preset=&#8220;a88903ad-9232-4555-a847-ab5442c659f4&#8243; text_font=&#8220;&#8211;et_global_body_font||||||||&#8220; text_text_color=&#8220;#FFFFFF&#8220; text_font_size=&#8220;22px&#8220; text_letter_spacing=&#8220;1px&#8220; header_2_text_color=&#8220;#FFFFFF&#8220; header_2_font_size=&#8220;31px&#8220; max_width=&#8220;700px&#8220; custom_margin=&#8220;|||4px|false|false&#8220; hover_enabled=&#8220;0&#8243; text_font_size_tablet=&#8220;&#8220; text_font_size_phone=&#8220;&#8220; text_font_size_last_edited=&#8220;on|phone&#8220; locked=&#8220;off&#8220; global_colors_info=&#8220;{}&#8220; header_2_text_shadow_style=&#8220;preset1&#8243; sticky_enabled=&#8220;0&#8243;]<\/p>\n<h2>Exklusive Eco-Luxe-Duft- und Pflegeprodukte aus Kapstadt<\/h2>\n<p>[\/et_pb_text][\/et_pb_column][et_pb_column type=&#8220;1_4&#8243; _builder_version=&#8220;4.27.3&#8243; _module_preset=&#8220;default&#8220; custom_padding=&#8220;3vw|3vw|3vw|3vw|true|true&#8220; border_color_all=&#8220;RGBA(255,255,255,0)&#8220; border_width_right=&#8220;1px&#8220; border_width_left_tablet=&#8220;1px&#8220; border_width_left_phone=&#8220;1px&#8220; border_width_left_last_edited=&#8220;on|tablet&#8220; global_colors_info=&#8220;{}&#8220;][\/et_pb_column][\/et_pb_row][\/et_pb_section][et_pb_section fb_built=&#8220;1&#8243; admin_label=&#8220;Products&#8220; _builder_version=&#8220;4.27.3&#8243; _module_preset=&#8220;default&#8220; background_enable_image=&#8220;off&#8220; background_size=&#8220;initial&#8220; background_position=&#8220;bottom_right&#8220; background_horizontal_offset=&#8220;68%&#8220; background_vertical_offset=&#8220;40%&#8220; background_blend=&#8220;overlay&#8220; custom_margin_tablet=&#8220;&#8220; custom_margin_phone=&#8220;-5em||||false|false&#8220; custom_margin_last_edited=&#8220;on|phone&#8220; custom_padding=&#8220;||0px|||&#8220; da_disable_devices=&#8220;off|off|off&#8220; collapsed=&#8220;on&#8220; global_colors_info=&#8220;{}&#8220; da_is_popup=&#8220;off&#8220; da_exit_intent=&#8220;off&#8220; da_has_close=&#8220;on&#8220; da_alt_close=&#8220;off&#8220; da_dark_close=&#8220;off&#8220; da_not_modal=&#8220;on&#8220; da_is_singular=&#8220;off&#8220; da_with_loader=&#8220;off&#8220; da_has_shadow=&#8220;on&#8220;][et_pb_row _builder_version=&#8220;4.20.0&#8243; _module_preset=&#8220;default&#8220; global_colors_info=&#8220;{}&#8220;][et_pb_column type=&#8220;4_4&#8243; _builder_version=&#8220;4.20.0&#8243; _module_preset=&#8220;default&#8220; global_colors_info=&#8220;{}&#8220;][et_pb_text _builder_version=&#8220;4.27.3&#8243; _module_preset=&#8220;a10b082e-5984-4e0c-8963-1182303a9e51&#8243; header_3_font=&#8220;&#8211;et_global_heading_font|||on|||||&#8220; header_3_font_size=&#8220;30px&#8220; header_3_letter_spacing=&#8220;1px&#8220; header_3_line_height=&#8220;1.3em&#8220; text_orientation=&#8220;center&#8220; global_colors_info=&#8220;{}&#8220;]<\/p>\n<h3 style=\"text-align: left;\">Gifting from Cape Island<\/h3>\n<p>[\/et_pb_text][\/et_pb_column][\/et_pb_row][et_pb_row _builder_version=&#8220;4.20.0&#8243; _module_preset=&#8220;default&#8220; global_colors_info=&#8220;{}&#8220;][et_pb_column type=&#8220;4_4&#8243; _builder_version=&#8220;4.20.0&#8243; _module_preset=&#8220;default&#8220; global_colors_info=&#8220;{}&#8220;][et_pb_text _builder_version=&#8220;4.27.3&#8243; _module_preset=&#8220;default&#8220; global_colors_info=&#8220;{}&#8220;]<\/p>\n<p>Cape Living freut sich, mit CAPE ISLAND zusammenzuarbeiten, um die faszinierenden Kreationen S\u00fcdafrikas in die Schweiz zu bringen. Diese Partnerschaft steht f\u00fcr Nachhaltigkeit, die St\u00e4rkung von Frauen und k\u00fcnstlerisches Handwerk.<\/p>\n<p>Handgegossene <strong>Duftkerzen,<\/strong>\u00a0<strong>Duftzerst\u00e4ubern<\/strong>, <strong>Lotionen &amp; <\/strong><strong>Seifen<\/strong> <strong>in edlen Flacons aus Glas<\/strong>, die alle mit dem Schwerpunkt auf nat\u00fcrlichen Inhaltsstoffen und handwerklichen Methoden hergestellt werden. Produkte, welche die Geschichte Afrikas erz\u00e4hlen.<\/p>\n<p>Dieses Projekt\u00a0 verbindet pers\u00f6nliche Erlebnisse, Geschichte, Naturschutz und die Sch\u00f6nheit der s\u00fcdafrikanischen Natur.<\/p>\n<p>CAPE ISLAND ist ein von Frauen gef\u00fchrtes, umweltfreundliches Unternehmen. Die Geschichte Afrikas spiegelt sich in den D\u00fcften und den kunstvollen Verpackungen wider. CAPE ISLAND setzt sich f\u00fcr einen positiven Wandel ein und spendet einen Teil der Einnahmen an lokale Organisationen, die Afrikas Natur und Tierwelt sch\u00fctzen.<\/p>\n<p>Wir sind stolz auf unsere starken Wurzeln in den lokalen Gemeinschaften und unser Engagement f\u00fcr die Verbesserung unseres Kontinents und seiner Menschen.<\/p>\n<p style=\"text-align: left;\">\n<p>[\/et_pb_text][\/et_pb_column][\/et_pb_row][\/et_pb_section][et_pb_section fb_built=&#8220;1&#8243; admin_label=&#8220;Gallery&#8220; _builder_version=&#8220;4.27.3&#8243; _module_preset=&#8220;default&#8220; custom_padding=&#8220;41px||25px|||&#8220; da_disable_devices=&#8220;off|off|off&#8220; collapsed=&#8220;on&#8220; global_colors_info=&#8220;{}&#8220; da_is_popup=&#8220;off&#8220; da_exit_intent=&#8220;off&#8220; da_has_close=&#8220;on&#8220; da_alt_close=&#8220;off&#8220; da_dark_close=&#8220;off&#8220; da_not_modal=&#8220;on&#8220; da_is_singular=&#8220;off&#8220; da_with_loader=&#8220;off&#8220; da_has_shadow=&#8220;on&#8220;][et_pb_row column_structure=&#8220;1_2,1_2&#8243; _builder_version=&#8220;4.27.3&#8243; _module_preset=&#8220;default&#8220; global_colors_info=&#8220;{}&#8220;][et_pb_column type=&#8220;1_2&#8243; _builder_version=&#8220;4.27.3&#8243; _module_preset=&#8220;default&#8220; global_colors_info=&#8220;{}&#8220;][et_pb_image src=&#8220;https:\/\/cape-living.ch\/wp-content\/uploads\/2025\/04\/Cape-Island-Clifton-Beach-Produkte-kaufen-Schweiz.jpg&#8220; alt=&#8220;Cape Island Clifton Beach Produkte kaufen Schweiz&#8220; title_text=&#8220;Cape Island Clifton Beach Produkte kaufen Schweiz&#8220; _builder_version=&#8220;4.27.3&#8243; _module_preset=&#8220;default&#8220; global_colors_info=&#8220;{}&#8220;][\/et_pb_image][\/et_pb_column][et_pb_column type=&#8220;1_2&#8243; _builder_version=&#8220;4.27.3&#8243; _module_preset=&#8220;default&#8220; global_colors_info=&#8220;{}&#8220;][et_pb_image src=&#8220;https:\/\/cape-living.ch\/wp-content\/uploads\/2025\/04\/Cape-Island-Luxury-Lotion-kaufen-Schweiz.jpg&#8220; alt=&#8220;Cape Island Luxury Lotion kaufen Schweiz&#8220; title_text=&#8220;Cape Island Luxury Lotion kaufen Schweiz&#8220; _builder_version=&#8220;4.27.3&#8243; _module_preset=&#8220;default&#8220; global_colors_info=&#8220;{}&#8220;][\/et_pb_image][\/et_pb_column][\/et_pb_row][et_pb_row _builder_version=&#8220;4.20.0&#8243; _module_preset=&#8220;default&#8220; global_colors_info=&#8220;{}&#8220;][et_pb_column type=&#8220;4_4&#8243; _builder_version=&#8220;4.20.0&#8243; _module_preset=&#8220;default&#8220; global_colors_info=&#8220;{}&#8220;][et_pb_text _builder_version=&#8220;4.27.3&#8243; _module_preset=&#8220;default&#8220; global_colors_info=&#8220;{}&#8220;]<\/p>\n<p style=\"text-align: left;\">Entdecken Sie bei Cape Living S\u00fcdafrikanische Geschenkartikel \u2013 ein unverwechselbar luxuri\u00f6ses Geschenkvergn\u00fcgen.<\/p>\n<p>Jeder Duft ist so konzipiert, dass er die Essenz des Kontinents widerspiegelt und den Geist der afrikanischen Natur, Landschaften und Traditionen einf\u00e4ngt.<\/p>\n<p>CAPE ISLAND engagiert sich stark f\u00fcr die Umwelt und die soziale Verantwortung. Das Unternehmen verwendet nat\u00fcrliche, nachhaltige Inhaltsstoffe und folgt umweltfreundlichen Praktiken, einschlie\u00dflich der Produktion in Kleinstmengen und wiederverwendbaren Verpackungen. Das Unternehmen ist bestrebt, die Auswirkungen auf die Umwelt so gering wie m\u00f6glich zu halten und gleichzeitig Produkte zu schaffen, die die Verbraucher mit der nat\u00fcrlichen Sch\u00f6nheit Afrikas verbinden.<\/p>\n<p>[\/et_pb_text][\/et_pb_column][\/et_pb_row][\/et_pb_section][et_pb_section fb_built=&#8220;1&#8243; admin_label=&#8220;Gallery&#8220; _builder_version=&#8220;4.27.3&#8243; _module_preset=&#8220;default&#8220; custom_padding=&#8220;41px||25px|||&#8220; da_disable_devices=&#8220;off|off|off&#8220; collapsed=&#8220;on&#8220; global_colors_info=&#8220;{}&#8220; da_is_popup=&#8220;off&#8220; da_exit_intent=&#8220;off&#8220; da_has_close=&#8220;on&#8220; da_alt_close=&#8220;off&#8220; da_dark_close=&#8220;off&#8220; da_not_modal=&#8220;on&#8220; da_is_singular=&#8220;off&#8220; da_with_loader=&#8220;off&#8220; da_has_shadow=&#8220;on&#8220;][et_pb_row column_structure=&#8220;1_2,1_2&#8243; _builder_version=&#8220;4.27.3&#8243; _module_preset=&#8220;default&#8220; global_colors_info=&#8220;{}&#8220;][et_pb_column type=&#8220;1_2&#8243; _builder_version=&#8220;4.27.3&#8243; _module_preset=&#8220;default&#8220; global_colors_info=&#8220;{}&#8220;][et_pb_image src=&#8220;https:\/\/cape-living.ch\/wp-content\/uploads\/2025\/04\/geschenke-aus-suedafrika-kaufen-schweiz.jpg&#8220; alt=&#8220;Geschenke aus S\u00fcdafrika kaufen&#8220; title_text=&#8220;Geschenke aus S\u00fcdafrika kaufen&#8220; _builder_version=&#8220;4.27.3&#8243; _module_preset=&#8220;default&#8220; global_colors_info=&#8220;{}&#8220;][\/et_pb_image][\/et_pb_column][et_pb_column type=&#8220;1_2&#8243; _builder_version=&#8220;4.27.3&#8243; _module_preset=&#8220;default&#8220; global_colors_info=&#8220;{}&#8220;][et_pb_image src=&#8220;https:\/\/cape-living.ch\/wp-content\/uploads\/2025\/04\/Cape-Island-Clifton-Beach-Handcreme-kaufen-Schweiz.jpg&#8220; alt=&#8220;Cape Island Clifton Beach Handcreme kaufen in der Schweiz&#8220; title_text=&#8220;Cape Island Clifton Beach Handcreme&#8220; _builder_version=&#8220;4.27.3&#8243; _module_preset=&#8220;default&#8220; global_colors_info=&#8220;{}&#8220;][\/et_pb_image][\/et_pb_column][\/et_pb_row][\/et_pb_section][et_pb_section fb_built=&#8220;1&#8243; admin_label=&#8220;Gallery&#8220; _builder_version=&#8220;4.20.0&#8243; _module_preset=&#8220;default&#8220; custom_padding=&#8220;42px||8px|||&#8220; da_disable_devices=&#8220;off|off|off&#8220; collapsed=&#8220;on&#8220; global_colors_info=&#8220;{}&#8220; da_is_popup=&#8220;off&#8220; da_exit_intent=&#8220;off&#8220; da_has_close=&#8220;on&#8220; da_alt_close=&#8220;off&#8220; da_dark_close=&#8220;off&#8220; da_not_modal=&#8220;on&#8220; da_is_singular=&#8220;off&#8220; da_with_loader=&#8220;off&#8220; da_has_shadow=&#8220;on&#8220;][et_pb_row _builder_version=&#8220;4.20.0&#8243; _module_preset=&#8220;default&#8220; global_colors_info=&#8220;{}&#8220;][et_pb_column type=&#8220;4_4&#8243; _builder_version=&#8220;4.20.0&#8243; _module_preset=&#8220;default&#8220; global_colors_info=&#8220;{}&#8220;][et_pb_text _builder_version=&#8220;4.27.3&#8243; _module_preset=&#8220;a10b082e-5984-4e0c-8963-1182303a9e51&#8243; header_3_font=&#8220;&#8211;et_global_heading_font|||on|||||&#8220; header_3_font_size=&#8220;30px&#8220; header_3_letter_spacing=&#8220;1px&#8220; header_3_line_height=&#8220;1.3em&#8220; text_orientation=&#8220;center&#8220; global_colors_info=&#8220;{}&#8220;]<\/p>\n<h3 style=\"text-align: left;\">Besuchen sie uns<\/h3>\n<p>[\/et_pb_text][\/et_pb_column][\/et_pb_row][et_pb_row column_structure=&#8220;1_2,1_2&#8243; _builder_version=&#8220;4.20.0&#8243; _module_preset=&#8220;default&#8220; custom_padding=&#8220;16px|||||&#8220; global_colors_info=&#8220;{}&#8220;][et_pb_column type=&#8220;1_2&#8243; _builder_version=&#8220;4.20.0&#8243; _module_preset=&#8220;default&#8220; global_colors_info=&#8220;{}&#8220;][et_pb_text _builder_version=&#8220;4.27.3&#8243; _module_preset=&#8220;default&#8220; global_colors_info=&#8220;{}&#8220;]<\/p>\n<p style=\"text-align: left;\">Lassen Sie sich inspirieren!<\/p>\n<p style=\"text-align: left;\">Wir freuen uns auf Ihren Besuch im Weisbrod Areal in Hausen am Albis.<\/p>\n<p style=\"text-align: left;\"><strong>\u00d6ffnungszeiten:<\/strong><\/p>\n<div class=\"et_pb_column et_pb_column_1_2 et_pb_column_3  et_pb_css_mix_blend_mode_passthrough\">\n<div class=\"et_pb_module et_pb_text et_pb_text_3  et_pb_text_align_left et_pb_bg_layout_light\">\n<div class=\"et_pb_text_inner\">\n<p>Freitag von 13.30 \u2013 17.00 Uhr<\/p>\n<p>Samstag von 10.00 \u2013 16.00 Uhr<\/p>\n<p>Telefon: +41 (0)79 794 3324<\/p>\n<p>&nbsp;<\/p>\n<\/div>\n<\/div>\n<\/div>\n<p>&nbsp;<\/p>\n<p>[\/et_pb_text][\/et_pb_column][et_pb_column type=&#8220;1_2&#8243; _builder_version=&#8220;4.20.0&#8243; _module_preset=&#8220;default&#8220; global_colors_info=&#8220;{}&#8220;][et_pb_image src=&#8220;https:\/\/cape-living.ch\/wp-content\/uploads\/2025\/04\/Clifton-Beach-Cape-Island-Schweiz.jpg&#8220; alt=&#8220;Clifton Beach Cape Island Schweiz&#8220; title_text=&#8220;Clifton Beach Cape Island Schweiz&#8220; _builder_version=&#8220;4.27.3&#8243; _module_preset=&#8220;default&#8220; global_colors_info=&#8220;{}&#8220;][\/et_pb_image][\/et_pb_column][\/et_pb_row][\/et_pb_section][et_pb_section fb_built=&#8220;1&#8243; fullwidth=&#8220;on&#8220; _builder_version=&#8220;4.27.3&#8243; _module_preset=&#8220;default&#8220; custom_padding=&#8220;54px|||||&#8220; animation_style=&#8220;zoom&#8220; animation_intensity_zoom=&#8220;1%&#8220; animation_starting_opacity=&#8220;100%&#8220; da_disable_devices=&#8220;off|off|off&#8220; global_colors_info=&#8220;{}&#8220; da_is_popup=&#8220;off&#8220; da_exit_intent=&#8220;off&#8220; da_has_close=&#8220;on&#8220; da_alt_close=&#8220;off&#8220; da_dark_close=&#8220;off&#8220; da_not_modal=&#8220;on&#8220; da_is_singular=&#8220;off&#8220; da_with_loader=&#8220;off&#8220; da_has_shadow=&#8220;on&#8220;][\/et_pb_section][et_pb_section fb_built=&#8220;1&#8243; admin_label=&#8220;Footer&#8220; _builder_version=&#8220;4.27.3&#8243; _module_preset=&#8220;default&#8220; custom_padding=&#8220;0px||0px||true|false&#8220; da_disable_devices=&#8220;off|off|off&#8220; border_color_all=&#8220;RGBA(255,255,255,0)&#8220; border_width_top=&#8220;1px&#8220; saved_tabs=&#8220;all&#8220; collapsed=&#8220;on&#8220; global_colors_info=&#8220;{}&#8220; da_is_popup=&#8220;off&#8220; da_exit_intent=&#8220;off&#8220; da_has_close=&#8220;on&#8220; da_alt_close=&#8220;off&#8220; da_dark_close=&#8220;off&#8220; da_not_modal=&#8220;on&#8220; da_is_singular=&#8220;off&#8220; da_with_loader=&#8220;off&#8220; da_has_shadow=&#8220;on&#8220;][et_pb_row _builder_version=&#8220;4.20.0&#8243; _module_preset=&#8220;default&#8220; width=&#8220;100%&#8220; max_width=&#8220;none&#8220; custom_padding=&#8220;0px||0px||true|false&#8220; global_colors_info=&#8220;{}&#8220;][et_pb_column type=&#8220;4_4&#8243; _builder_version=&#8220;4.20.0&#8243; _module_preset=&#8220;default&#8220; global_colors_info=&#8220;{}&#8220;][et_pb_divider color=&#8220;rgba(102,102,102,0.3)&#8220; _builder_version=&#8220;4.20.0&#8243; _module_preset=&#8220;default&#8220; height=&#8220;1px&#8220; global_colors_info=&#8220;{}&#8220;][\/et_pb_divider][\/et_pb_column][\/et_pb_row][et_pb_row _builder_version=&#8220;4.20.0&#8243; _module_preset=&#8220;default&#8220; width=&#8220;100%&#8220; max_width=&#8220;none&#8220; custom_padding=&#8220;0px||0px||true|false&#8220; locked=&#8220;off&#8220; global_colors_info=&#8220;{}&#8220;][et_pb_column type=&#8220;4_4&#8243; _builder_version=&#8220;4.20.0&#8243; _module_preset=&#8220;default&#8220; global_colors_info=&#8220;{}&#8220;][et_pb_divider color=&#8220;rgba(102,102,102,0.3)&#8220; _builder_version=&#8220;4.20.0&#8243; _module_preset=&#8220;default&#8220; height=&#8220;1px&#8220; global_colors_info=&#8220;{}&#8220;][\/et_pb_divider][\/et_pb_column][\/et_pb_row][\/et_pb_section]<\/p>\n","protected":false},"excerpt":{"rendered":"<p>CAPE ISLANDExklusive Eco-Luxe-Duft- und Pflegeprodukte aus KapstadtGifting from Cape IslandCape Living freut sich, mit CAPE ISLAND zusammenzuarbeiten, um die faszinierenden Kreationen S\u00fcdafrikas in die Schweiz zu bringen. Diese Partnerschaft steht f\u00fcr Nachhaltigkeit, die St\u00e4rkung von Frauen und k\u00fcnstlerisches Handwerk. Handgegossene Duftkerzen,\u00a0Duftzerst\u00e4ubern, Lotionen &amp; Seifen in edlen Flacons aus Glas, die alle mit dem Schwerpunkt auf [&hellip;]<\/p>\n","protected":false},"author":1,"featured_media":0,"parent":0,"menu_order":0,"comment_status":"closed","ping_status":"closed","template":"","meta":{"_et_pb_use_builder":"on","_et_pb_old_content":"","_et_gb_content_width":"","footnotes":""},"class_list":["post-296","page","type-page","status-publish","hentry"],"_links":{"self":[{"href":"https:\/\/cape-living.ch\/index.php\/wp-json\/wp\/v2\/pages\/296","targetHints":{"allow":["GET"]}}],"collection":[{"href":"https:\/\/cape-living.ch\/index.php\/wp-json\/wp\/v2\/pages"}],"about":[{"href":"https:\/\/cape-living.ch\/index.php\/wp-json\/wp\/v2\/types\/page"}],"author":[{"embeddable":true,"href":"https:\/\/cape-living.ch\/index.php\/wp-json\/wp\/v2\/users\/1"}],"replies":[{"embeddable":true,"href":"https:\/\/cape-living.ch\/index.php\/wp-json\/wp\/v2\/comments?post=296"}],"version-history":[{"count":17,"href":"https:\/\/cape-living.ch\/index.php\/wp-json\/wp\/v2\/pages\/296\/revisions"}],"predecessor-version":[{"id":363,"href":"https:\/\/cape-living.ch\/index.php\/wp-json\/wp\/v2\/pages\/296\/revisions\/363"}],"wp:attachment":[{"href":"https:\/\/cape-living.ch\/index.php\/wp-json\/wp\/v2\/media?parent=296"}],"curies":[{"name":"wp","href":"https:\/\/api.w.org\/{rel}","templated":true}]}}