{"id":9,"date":"2024-11-18T15:24:25","date_gmt":"2024-11-18T15:24:25","guid":{"rendered":"https:\/\/cape-living.ch\/?page_id=9"},"modified":"2025-04-30T13:39:24","modified_gmt":"2025-04-30T13:39:24","slug":"cape-living-wohnaccessoires-geschenke-hausen-am-albis-2","status":"publish","type":"page","link":"https:\/\/cape-living.ch\/","title":{"rendered":"Cape Living &#8211; Wohnaccessoires &#038; Geschenke Hausen am Albis"},"content":{"rendered":"<p>[et_pb_section fb_built=&#8220;1&#8243; admin_label=&#8220;Header&#8220; _builder_version=&#8220;4.27.3&#8243; _module_preset=&#8220;default&#8220; use_background_color_gradient=&#8220;on&#8220; background_color_gradient_stops=&#8220;rgba(44,18,0,0) 1%|rgba(44,18,0,0.43) 100%&#8220; background_color_gradient_overlays_image=&#8220;on&#8220; background_image=&#8220;https:\/\/cape-living.ch\/wp-content\/uploads\/2025\/04\/wohnaccessoires-gifts-south-africa.jpg&#8220; background_position=&#8220;bottom_center&#8220; custom_padding=&#8220;0px||0px||true|false&#8220; top_divider_height_tablet=&#8220;&#8220; top_divider_height_phone=&#8220;45px&#8220; top_divider_height_last_edited=&#8220;on|phone&#8220; animation_style=&#8220;zoom&#8220; animation_intensity_zoom=&#8220;2%&#8220; animation_starting_opacity=&#8220;100%&#8220; da_disable_devices=&#8220;off|off|off&#8220; collapsed=&#8220;on&#8220; global_colors_info=&#8220;{}&#8220; da_is_popup=&#8220;off&#8220; da_exit_intent=&#8220;off&#8220; da_has_close=&#8220;on&#8220; da_alt_close=&#8220;off&#8220; da_dark_close=&#8220;off&#8220; da_not_modal=&#8220;on&#8220; da_is_singular=&#8220;off&#8220; da_with_loader=&#8220;off&#8220; da_has_shadow=&#8220;on&#8220;][et_pb_row column_structure=&#8220;3_4,1_4&#8243; use_custom_gutter=&#8220;on&#8220; gutter_width=&#8220;1&#8243; make_equal=&#8220;on&#8220; custom_padding_last_edited=&#8220;on|phone&#8220; _builder_version=&#8220;4.27.3&#8243; _module_preset=&#8220;default&#8220; width=&#8220;100%&#8220; max_width=&#8220;none&#8220; custom_padding=&#8220;176px|10vw|176px|10vw|true|true&#8220; custom_padding_tablet=&#8220;176px|10vw|176px|10vw|true|true&#8220; custom_padding_phone=&#8220;80px||80px||true|true&#8220; border_color_all=&#8220;rgba(243,239,229,0.3)&#8220; border_width_top=&#8220;1px&#8220; border_width_bottom=&#8220;1px&#8220; global_colors_info=&#8220;{}&#8220;][et_pb_column type=&#8220;3_4&#8243; _builder_version=&#8220;4.27.3&#8243; _module_preset=&#8220;default&#8220; custom_padding=&#8220;3vw|3vw|3vw|3vw|true|true&#8220; border_color_all=&#8220;RGBA(255,255,255,0)&#8220; border_width_right=&#8220;1px&#8220; border_width_left=&#8220;1px&#8220; global_colors_info=&#8220;{}&#8220;][et_pb_text _builder_version=&#8220;4.27.3&#8243; _module_preset=&#8220;d5375296-5be6-4876-b37b-3835fe4a9d95&#8243; header_font=&#8220;&#8211;et_global_heading_font|||on|||||&#8220; header_text_color=&#8220;#FFFFFF&#8220; header_font_size=&#8220;5vw&#8220; header_line_height=&#8220;1.5em&#8220; width=&#8220;98.2%&#8220; custom_margin=&#8220;||10px|0px|false|false&#8220; header_font_size_tablet=&#8220;44px&#8220; header_font_size_phone=&#8220;34px&#8220; header_font_size_last_edited=&#8220;on|tablet&#8220; header_text_shadow_style=&#8220;preset1&#8243; locked=&#8220;off&#8220; global_colors_info=&#8220;{}&#8220;]<\/p>\n<h1>Home Accessories &amp; Gifts<\/h1>\n<p>[\/et_pb_text][et_pb_text _builder_version=&#8220;4.27.3&#8243; _module_preset=&#8220;a88903ad-9232-4555-a847-ab5442c659f4&#8243; text_font=&#8220;&#8211;et_global_body_font||||||||&#8220; text_text_color=&#8220;#FFFFFF&#8220; text_font_size=&#8220;22px&#8220; text_letter_spacing=&#8220;1px&#8220; header_2_text_color=&#8220;#FFFFFF&#8220; header_2_font_size=&#8220;30px&#8220; max_width=&#8220;700px&#8220; custom_margin=&#8220;|||4px|false|false&#8220; text_font_size_tablet=&#8220;&#8220; text_font_size_phone=&#8220;&#8220; text_font_size_last_edited=&#8220;on|phone&#8220; header_2_text_shadow_style=&#8220;preset1&#8243; locked=&#8220;off&#8220; global_colors_info=&#8220;{}&#8220;]<\/p>\n<h2>Celebrating the charm of South African Lifestyle<\/h2>\n<p>[\/et_pb_text][\/et_pb_column][et_pb_column type=&#8220;1_4&#8243; _builder_version=&#8220;4.27.3&#8243; _module_preset=&#8220;default&#8220; custom_padding=&#8220;3vw|3vw|3vw|3vw|true|true&#8220; border_color_all=&#8220;RGBA(255,255,255,0)&#8220; border_width_right=&#8220;1px&#8220; border_width_left_tablet=&#8220;1px&#8220; border_width_left_phone=&#8220;1px&#8220; border_width_left_last_edited=&#8220;on|tablet&#8220; global_colors_info=&#8220;{}&#8220;][\/et_pb_column][\/et_pb_row][\/et_pb_section][et_pb_section fb_built=&#8220;1&#8243; admin_label=&#8220;About&#8220; _builder_version=&#8220;4.20.0&#8243; _module_preset=&#8220;default&#8220; da_disable_devices=&#8220;off|off|off&#8220; collapsed=&#8220;on&#8220; global_colors_info=&#8220;{}&#8220; da_is_popup=&#8220;off&#8220; da_exit_intent=&#8220;off&#8220; da_has_close=&#8220;on&#8220; da_alt_close=&#8220;off&#8220; da_dark_close=&#8220;off&#8220; da_not_modal=&#8220;on&#8220; da_is_singular=&#8220;off&#8220; da_with_loader=&#8220;off&#8220; da_has_shadow=&#8220;on&#8220;][et_pb_row _builder_version=&#8220;4.20.0&#8243; _module_preset=&#8220;default&#8220; max_width=&#8220;800px&#8220; global_colors_info=&#8220;{}&#8220;][et_pb_column type=&#8220;4_4&#8243; _builder_version=&#8220;4.20.0&#8243; _module_preset=&#8220;default&#8220; global_colors_info=&#8220;{}&#8220;][et_pb_text _builder_version=&#8220;4.27.3&#8243; _module_preset=&#8220;default&#8220; header_3_font=&#8220;||||||||&#8220; header_3_font_size=&#8220;26px&#8220; header_2_font_size_tablet=&#8220;&#8220; header_2_font_size_phone=&#8220;32px&#8220; header_2_font_size_last_edited=&#8220;on|phone&#8220; global_colors_info=&#8220;{}&#8220;]<\/p>\n<h3 style=\"text-align: center;\">WOHNACCESSOIRES &amp; GESCHENKE AUS S\u00dcDAFRIKA<\/h3>\n<p>[\/et_pb_text][et_pb_image src=&#8220;https:\/\/cape-living.ch\/wp-content\/uploads\/2024\/11\/Cape-Living-South-Africa-Logo.jpg&#8220; title_text=&#8220;Cape-Living-South-Africa-Logo&#8220; align=&#8220;center&#8220; _builder_version=&#8220;4.27.3&#8243; _module_preset=&#8220;default&#8220; width=&#8220;49%&#8220; module_alignment=&#8220;center&#8220; custom_margin=&#8220;||41px|||&#8220; global_colors_info=&#8220;{}&#8220;][\/et_pb_image][et_pb_text _builder_version=&#8220;4.27.3&#8243; _module_preset=&#8220;default&#8220; header_2_font=&#8220;|||on|||||&#8220; custom_margin=&#8220;19px|||||&#8220; global_colors_info=&#8220;{}&#8220;]<\/p>\n<h2 style=\"text-align: center;\">Cape Living Wohnaccessoires und Lebensstil<\/h2>\n<p>[\/et_pb_text][et_pb_text _builder_version=&#8220;4.27.3&#8243; _module_preset=&#8220;default&#8220; global_colors_info=&#8220;{}&#8220;]<\/p>\n<p>Cape Living bringt Ihnen das Gef\u00fchl von multikulturellem Lebensstil und einen Teil der S\u00fcdafrikanischen Kunst und Kultur n\u00e4her. Der lebendige und authentische S\u00fcdafrikanische Lebensstil hat Marina Eugster-Giove (Inhaberin Cape Living) als geb\u00fcrtige S\u00fcdafrikanerin umgeben und gepr\u00e4gt. Architektur, Kunst, Mode sowie Dekorations- und Alltagsgegenst\u00e4nde wurden vom allt\u00e4glichen Zusammenleben verschiedener Kulturen in Afrika beeinflusst.<\/p>\n<p>&nbsp;<\/p>\n<p>[\/et_pb_text][\/et_pb_column][\/et_pb_row][et_pb_row column_structure=&#8220;1_2,1_2&#8243; _builder_version=&#8220;4.20.0&#8243; _module_preset=&#8220;default&#8220; global_colors_info=&#8220;{}&#8220;][et_pb_column type=&#8220;1_2&#8243; _builder_version=&#8220;4.20.0&#8243; _module_preset=&#8220;default&#8220; global_colors_info=&#8220;{}&#8220;][et_pb_image src=&#8220;https:\/\/cape-living.ch\/wp-content\/uploads\/2025\/04\/geschenke-suedafrika.jpg&#8220; alt=&#8220;Geschenke aus S\u00fcdafrika&#8220; title_text=&#8220;Geschenke aus S\u00fcdafrika&#8220; _builder_version=&#8220;4.27.3&#8243; _module_preset=&#8220;default&#8220; animation_style=&#8220;zoom&#8220; animation_intensity_zoom=&#8220;6%&#8220; global_colors_info=&#8220;{}&#8220;][\/et_pb_image][\/et_pb_column][et_pb_column type=&#8220;1_2&#8243; _builder_version=&#8220;4.20.0&#8243; _module_preset=&#8220;default&#8220; global_colors_info=&#8220;{}&#8220;][et_pb_image src=&#8220;https:\/\/cape-living.ch\/wp-content\/uploads\/2025\/04\/accessoires-geschenke-suedafrika.jpg&#8220; alt=&#8220;Accessoires &#038; Geschenke aus S\u00fcdafrika&#8220; title_text=&#8220;Accessoires &#038; Geschenke aus S\u00fcdafrika&#8220; _builder_version=&#8220;4.27.3&#8243; _module_preset=&#8220;default&#8220; animation_style=&#8220;zoom&#8220; animation_intensity_zoom=&#8220;6%&#8220; global_colors_info=&#8220;{}&#8220;][\/et_pb_image][\/et_pb_column][\/et_pb_row][\/et_pb_section][et_pb_section fb_built=&#8220;1&#8243; admin_label=&#8220;Products&#8220; _builder_version=&#8220;4.27.3&#8243; _module_preset=&#8220;default&#8220; custom_margin_tablet=&#8220;&#8220; custom_margin_phone=&#8220;-5em||||false|false&#8220; custom_margin_last_edited=&#8220;on|phone&#8220; custom_padding=&#8220;11px||29px|||&#8220; da_disable_devices=&#8220;off|off|off&#8220; collapsed=&#8220;on&#8220; global_colors_info=&#8220;{}&#8220; da_is_popup=&#8220;off&#8220; da_exit_intent=&#8220;off&#8220; da_has_close=&#8220;on&#8220; da_alt_close=&#8220;off&#8220; da_dark_close=&#8220;off&#8220; da_not_modal=&#8220;on&#8220; da_is_singular=&#8220;off&#8220; da_with_loader=&#8220;off&#8220; da_has_shadow=&#8220;on&#8220;][et_pb_row _builder_version=&#8220;4.20.0&#8243; _module_preset=&#8220;default&#8220; global_colors_info=&#8220;{}&#8220;][et_pb_column type=&#8220;4_4&#8243; _builder_version=&#8220;4.20.0&#8243; _module_preset=&#8220;default&#8220; global_colors_info=&#8220;{}&#8220;][et_pb_text _builder_version=&#8220;4.27.3&#8243; _module_preset=&#8220;a10b082e-5984-4e0c-8963-1182303a9e51&#8243; header_font=&#8220;|||on|||||&#8220; header_3_font=&#8220;&#8211;et_global_heading_font|||on|||||&#8220; header_3_font_size=&#8220;30px&#8220; header_3_letter_spacing=&#8220;1px&#8220; header_3_line_height=&#8220;1.3em&#8220; text_orientation=&#8220;center&#8220; global_colors_info=&#8220;{}&#8220;]<\/p>\n<h3 style=\"text-align: left;\">Nachhaltig &amp; fair<\/h3>\n<p>[\/et_pb_text][\/et_pb_column][\/et_pb_row][et_pb_row _builder_version=&#8220;4.20.0&#8243; _module_preset=&#8220;default&#8220; custom_padding=&#8220;15px|||||&#8220; global_colors_info=&#8220;{}&#8220;][et_pb_column type=&#8220;4_4&#8243; _builder_version=&#8220;4.20.0&#8243; _module_preset=&#8220;default&#8220; global_colors_info=&#8220;{}&#8220;][et_pb_text _builder_version=&#8220;4.27.3&#8243; _module_preset=&#8220;default&#8220; global_colors_info=&#8220;{}&#8220;]<\/p>\n<p>Alle angebotenen Produkte werden fair in S\u00fcdafrika handgefertigt. CAPE LIVING engagiert sich f\u00fcr eine ethisch korrekte Herstellung sowie die Beschaffung nachhaltiger Rohstoffe. Menschen und Natur, welche uns inspirieren, unterst\u00fctzen und sch\u00fctzen wir, ohne dabei auf Sch\u00f6nheit und Komfort zu verzichten.<\/p>\n<p>[\/et_pb_text][\/et_pb_column][\/et_pb_row][\/et_pb_section][et_pb_section fb_built=&#8220;1&#8243; fullwidth=&#8220;on&#8220; custom_padding_last_edited=&#8220;on|phone&#8220; _builder_version=&#8220;4.27.3&#8243; _module_preset=&#8220;default&#8220; background_image=&#8220;https:\/\/cape-living.ch\/wp-content\/uploads\/2025\/04\/Wohnasseccoires-Geschenke-aus-Suedafrika-Hausen-am-Albis.jpg&#8220; parallax=&#8220;on&#8220; custom_padding=&#8220;30px||862px|||&#8220; custom_padding_tablet=&#8220;119px||566px|||&#8220; custom_padding_phone=&#8220;127px||293px||false|false&#8220; top_divider_height_tablet=&#8220;&#8220; top_divider_height_phone=&#8220;&#8220; top_divider_height_last_edited=&#8220;on|phone&#8220; background_last_edited=&#8220;on|phone&#8220; parallax_phone=&#8220;off&#8220; da_disable_devices=&#8220;off|off|off&#8220; global_colors_info=&#8220;{}&#8220; da_is_popup=&#8220;off&#8220; da_exit_intent=&#8220;off&#8220; da_has_close=&#8220;on&#8220; da_alt_close=&#8220;off&#8220; da_dark_close=&#8220;off&#8220; da_not_modal=&#8220;on&#8220; da_is_singular=&#8220;off&#8220; da_with_loader=&#8220;off&#8220; da_has_shadow=&#8220;on&#8220;][\/et_pb_section][et_pb_section fb_built=&#8220;1&#8243; admin_label=&#8220;Products&#8220; _builder_version=&#8220;4.27.3&#8243; _module_preset=&#8220;default&#8220; custom_margin_tablet=&#8220;&#8220; custom_margin_phone=&#8220;-5em||||false|false&#8220; custom_margin_last_edited=&#8220;on|phone&#8220; custom_padding=&#8220;27px|||||&#8220; da_disable_devices=&#8220;off|off|off&#8220; collapsed=&#8220;on&#8220; global_colors_info=&#8220;{}&#8220; da_is_popup=&#8220;off&#8220; da_exit_intent=&#8220;off&#8220; da_has_close=&#8220;on&#8220; da_alt_close=&#8220;off&#8220; da_dark_close=&#8220;off&#8220; da_not_modal=&#8220;on&#8220; da_is_singular=&#8220;off&#8220; da_with_loader=&#8220;off&#8220; da_has_shadow=&#8220;on&#8220;][et_pb_row _builder_version=&#8220;4.20.0&#8243; _module_preset=&#8220;default&#8220; global_colors_info=&#8220;{}&#8220;][et_pb_column type=&#8220;4_4&#8243; _builder_version=&#8220;4.20.0&#8243; _module_preset=&#8220;default&#8220; global_colors_info=&#8220;{}&#8220;][et_pb_text _builder_version=&#8220;4.27.3&#8243; _module_preset=&#8220;a10b082e-5984-4e0c-8963-1182303a9e51&#8243; header_3_font=&#8220;&#8211;et_global_heading_font|||on|||||&#8220; header_3_font_size=&#8220;30px&#8220; header_3_letter_spacing=&#8220;1px&#8220; header_3_line_height=&#8220;1.3em&#8220; text_orientation=&#8220;center&#8220; global_colors_info=&#8220;{}&#8220;]<\/p>\n<h3 style=\"text-align: left;\">Weisbrod Areal Hausen am Albis<\/h3>\n<p>[\/et_pb_text][\/et_pb_column][\/et_pb_row][et_pb_row _builder_version=&#8220;4.20.0&#8243; _module_preset=&#8220;default&#8220; global_colors_info=&#8220;{}&#8220;][et_pb_column type=&#8220;4_4&#8243; _builder_version=&#8220;4.20.0&#8243; _module_preset=&#8220;default&#8220; global_colors_info=&#8220;{}&#8220;][et_pb_text _builder_version=&#8220;4.27.3&#8243; _module_preset=&#8220;default&#8220; global_colors_info=&#8220;{}&#8220;]<\/p>\n<p>Bei Cape Living auf dem Weisbrod Areal in Hausen am Albis werden die verschiedenen Facetten dieses Lebensgef\u00fchls pr\u00e4sentiert und verkauft. Die originellen hochwertigen Accessoires und Geschenkartikel aus Keramik, Textilien sowie die exklusiven Kollektionen von <a href=\"https:\/\/cape-living.ch\/index.php\/cape-island-produke-kaufen-schweiz\/\"><strong>Cape Island<\/strong><\/a> bieten einen zeitlosen stilvollen Mehrwert f\u00fcr jedes Zuhause.<\/p>\n<p>Unsere Keramik Kollektionen verk\u00f6rpern s\u00fcdafrikanisches Design, die in der wundersch\u00f6nen Kap-Region von Hand gefertigt werden. Sie sind von der Natur inspiriert und verbinden \u00c4sthetik mit Funktionalit\u00e4t.<\/p>\n<p>&nbsp;<\/p>\n<p>[\/et_pb_text][\/et_pb_column][\/et_pb_row][\/et_pb_section][et_pb_section fb_built=&#8220;1&#8243; admin_label=&#8220;Products&#8220; _builder_version=&#8220;4.27.3&#8243; _module_preset=&#8220;default&#8220; custom_margin_tablet=&#8220;&#8220; custom_margin_phone=&#8220;-5em||||false|false&#8220; custom_margin_last_edited=&#8220;on|phone&#8220; da_disable_devices=&#8220;off|off|off&#8220; box_shadow_style=&#8220;preset1&#8243; box_shadow_blur=&#8220;7px&#8220; box_shadow_spread=&#8220;2px&#8220; box_shadow_color=&#8220;rgba(0,0,0,0.22)&#8220; collapsed=&#8220;on&#8220; global_colors_info=&#8220;{}&#8220; da_is_popup=&#8220;off&#8220; da_exit_intent=&#8220;off&#8220; da_has_close=&#8220;on&#8220; da_alt_close=&#8220;off&#8220; da_dark_close=&#8220;off&#8220; da_not_modal=&#8220;on&#8220; da_is_singular=&#8220;off&#8220; da_with_loader=&#8220;off&#8220; da_has_shadow=&#8220;on&#8220;][et_pb_row _builder_version=&#8220;4.20.0&#8243; _module_preset=&#8220;default&#8220; global_colors_info=&#8220;{}&#8220;][et_pb_column type=&#8220;4_4&#8243; _builder_version=&#8220;4.20.0&#8243; _module_preset=&#8220;default&#8220; global_colors_info=&#8220;{}&#8220;][et_pb_text _builder_version=&#8220;4.27.3&#8243; _module_preset=&#8220;a10b082e-5984-4e0c-8963-1182303a9e51&#8243; header_3_font=&#8220;&#8211;et_global_heading_font|||on|||||&#8220; header_3_font_size=&#8220;30px&#8220; header_3_letter_spacing=&#8220;1px&#8220; header_3_line_height=&#8220;1.3em&#8220; text_orientation=&#8220;center&#8220; global_colors_info=&#8220;{}&#8220;]<\/p>\n<h3 style=\"text-align: left;\">\u00d6ffnungszeiten &amp; Adresse<\/h3>\n<p>[\/et_pb_text][\/et_pb_column][\/et_pb_row][et_pb_row column_structure=&#8220;1_2,1_2&#8243; _builder_version=&#8220;4.20.0&#8243; _module_preset=&#8220;default&#8220; global_colors_info=&#8220;{}&#8220;][et_pb_column type=&#8220;1_2&#8243; _builder_version=&#8220;4.20.0&#8243; _module_preset=&#8220;default&#8220; global_colors_info=&#8220;{}&#8220;][et_pb_text _builder_version=&#8220;4.27.3&#8243; _module_preset=&#8220;default&#8220; global_colors_info=&#8220;{}&#8220;]<\/p>\n<p style=\"text-align: left;\">Freitag von 13.30 &#8211; 17.00 Uhr<\/p>\n<p style=\"text-align: left;\">Samstag von 10.00 &#8211; 16.00 Uhr<\/p>\n<p>&nbsp;<\/p>\n<p>[\/et_pb_text][\/et_pb_column][et_pb_column type=&#8220;1_2&#8243; _builder_version=&#8220;4.20.0&#8243; _module_preset=&#8220;default&#8220; global_colors_info=&#8220;{}&#8220;][et_pb_text _builder_version=&#8220;4.27.3&#8243; _module_preset=&#8220;default&#8220; global_colors_info=&#8220;{}&#8220;]<\/p>\n<p>Cape Living Wohnaccessoires und Lebensstil<\/p>\n<p>Weisbrod-Areal 3<\/p>\n<p>8915 Hausen am Albis<\/p>\n<p>E-Mail: info@cape-living.ch<\/p>\n<p>Telefon: +41 (0)79 794 33 24<\/p>\n<p>[\/et_pb_text][\/et_pb_column][\/et_pb_row][\/et_pb_section][et_pb_section fb_built=&#8220;1&#8243; admin_label=&#8220;Footer&#8220; _builder_version=&#8220;4.27.3&#8243; _module_preset=&#8220;default&#8220; custom_padding=&#8220;0px||0px||true|false&#8220; da_disable_devices=&#8220;off|off|off&#8220; border_color_all=&#8220;RGBA(255,255,255,0)&#8220; border_width_top=&#8220;1px&#8220; saved_tabs=&#8220;all&#8220; collapsed=&#8220;on&#8220; global_colors_info=&#8220;{}&#8220; da_is_popup=&#8220;off&#8220; da_exit_intent=&#8220;off&#8220; da_has_close=&#8220;on&#8220; da_alt_close=&#8220;off&#8220; da_dark_close=&#8220;off&#8220; da_not_modal=&#8220;on&#8220; da_is_singular=&#8220;off&#8220; da_with_loader=&#8220;off&#8220; da_has_shadow=&#8220;on&#8220;][et_pb_row _builder_version=&#8220;4.20.0&#8243; _module_preset=&#8220;default&#8220; width=&#8220;100%&#8220; max_width=&#8220;none&#8220; custom_padding=&#8220;0px||0px||true|false&#8220; global_colors_info=&#8220;{}&#8220;][et_pb_column type=&#8220;4_4&#8243; _builder_version=&#8220;4.20.0&#8243; _module_preset=&#8220;default&#8220; global_colors_info=&#8220;{}&#8220;][et_pb_divider color=&#8220;rgba(102,102,102,0.3)&#8220; _builder_version=&#8220;4.20.0&#8243; _module_preset=&#8220;default&#8220; height=&#8220;1px&#8220; global_colors_info=&#8220;{}&#8220;][\/et_pb_divider][\/et_pb_column][\/et_pb_row][et_pb_row _builder_version=&#8220;4.20.0&#8243; _module_preset=&#8220;default&#8220; width=&#8220;100%&#8220; max_width=&#8220;none&#8220; custom_padding=&#8220;0px||0px||true|false&#8220; locked=&#8220;off&#8220; global_colors_info=&#8220;{}&#8220;][et_pb_column type=&#8220;4_4&#8243; _builder_version=&#8220;4.20.0&#8243; _module_preset=&#8220;default&#8220; global_colors_info=&#8220;{}&#8220;][et_pb_divider color=&#8220;rgba(102,102,102,0.3)&#8220; _builder_version=&#8220;4.20.0&#8243; _module_preset=&#8220;default&#8220; height=&#8220;1px&#8220; global_colors_info=&#8220;{}&#8220;][\/et_pb_divider][\/et_pb_column][\/et_pb_row][\/et_pb_section]<\/p>\n","protected":false},"excerpt":{"rendered":"<p>Home Accessories &amp; GiftsCelebrating the charm of South African LifestyleWOHNACCESSOIRES &amp; GESCHENKE AUS S\u00dcDAFRIKACape Living Wohnaccessoires und LebensstilCape Living bringt Ihnen das Gef\u00fchl von multikulturellem Lebensstil und einen Teil der S\u00fcdafrikanischen Kunst und Kultur n\u00e4her. Der lebendige und authentische S\u00fcdafrikanische Lebensstil hat Marina Eugster-Giove (Inhaberin Cape Living) als geb\u00fcrtige S\u00fcdafrikanerin umgeben und gepr\u00e4gt. Architektur, Kunst, [&hellip;]<\/p>\n","protected":false},"author":1,"featured_media":0,"parent":0,"menu_order":0,"comment_status":"closed","ping_status":"closed","template":"","meta":{"_et_pb_use_builder":"on","_et_pb_old_content":"","_et_gb_content_width":"","footnotes":""},"class_list":["post-9","page","type-page","status-publish","hentry"],"_links":{"self":[{"href":"https:\/\/cape-living.ch\/index.php\/wp-json\/wp\/v2\/pages\/9","targetHints":{"allow":["GET"]}}],"collection":[{"href":"https:\/\/cape-living.ch\/index.php\/wp-json\/wp\/v2\/pages"}],"about":[{"href":"https:\/\/cape-living.ch\/index.php\/wp-json\/wp\/v2\/types\/page"}],"author":[{"embeddable":true,"href":"https:\/\/cape-living.ch\/index.php\/wp-json\/wp\/v2\/users\/1"}],"replies":[{"embeddable":true,"href":"https:\/\/cape-living.ch\/index.php\/wp-json\/wp\/v2\/comments?post=9"}],"version-history":[{"count":91,"href":"https:\/\/cape-living.ch\/index.php\/wp-json\/wp\/v2\/pages\/9\/revisions"}],"predecessor-version":[{"id":381,"href":"https:\/\/cape-living.ch\/index.php\/wp-json\/wp\/v2\/pages\/9\/revisions\/381"}],"wp:attachment":[{"href":"https:\/\/cape-living.ch\/index.php\/wp-json\/wp\/v2\/media?parent=9"}],"curies":[{"name":"wp","href":"https:\/\/api.w.org\/{rel}","templated":true}]}}